{"id":176,"date":"2016-06-30T23:39:28","date_gmt":"2016-06-30T20:39:28","guid":{"rendered":"http:\/\/www.durakotel.com\/en\/?page_id=176"},"modified":"2023-10-25T18:29:50","modified_gmt":"2023-10-25T15:29:50","slug":"bodrum-hotel-prices-reservation","status":"publish","type":"page","link":"https:\/\/durakapansiyon.com\/en\/bodrum-hotel-prices-reservation\/","title":{"rendered":"Prices &#038; Reservation"},"content":{"rendered":"<p>[vc_row][vc_column width=&#8221;1\/2&#8243;][vc_column_text]<\/p>\n<h4>Durak A Pension Price List<\/h4>\n[table \u201c2\u201d not found \/]<br \/>\n\n<ul>\n<li><strong>All room prices with breakfast.<\/strong><\/li>\n<li>Please call to reservation\u00a0\u00a0<strong>0252 316 1564<\/strong>\u00a0or\u00a0<strong>0 532 615 6872<\/strong><\/li>\n<\/ul>\n<p>[\/vc_column_text][\/vc_column][vc_column width=&#8221;1\/2&#8243;][vc_column_text]<div id=\"vfb-form-2\" class=\"visual-form-builder-container\"><form id=\"rezervasyon-talep-formu-2\" class=\"visual-form-builder vfb-form-2  \" method=\"post\" enctype=\"multipart\/form-data\" action=\"\">\n\t\t<input type=\"hidden\" name=\"form_id\" value=\"2\" \/><fieldset class=\"vfb-fieldset vfb-fieldset-1 rezervasyon-talep-formu    \" id=\"item-vfb-9\"><div class=\"vfb-legend\"><h3>Rezervasyon Talep Formu<\/h3><\/div><ul class=\"vfb-section vfb-section-1\"><li class=\"vfb-item vfb-item-text    \" id=\"item-vfb-13\"><label for=\"vfb-13\" class=\"vfb-desc\">Ad Soyad  <span class=\"vfb-required-asterisk\">*<\/span><\/label><input type=\"text\" name=\"vfb-13\" id=\"vfb-13\" value=\"\" class=\"vfb-text  vfb-medium  required  \" \/><\/li>\n<li class=\"vfb-item vfb-item-email    \" id=\"item-vfb-14\"><label for=\"vfb-14\" class=\"vfb-desc\">Email  <span class=\"vfb-required-asterisk\">*<\/span><\/label><input type=\"email\" name=\"vfb-14\" id=\"vfb-14\" value=\"\" class=\"vfb-text  vfb-medium  required  email \" \/><\/li>\n<li class=\"vfb-item vfb-item-text    \" id=\"item-vfb-15\"><label for=\"vfb-15\" class=\"vfb-desc\">Telefon  <span class=\"vfb-required-asterisk\">*<\/span><\/label><input type=\"text\" name=\"vfb-15\" id=\"vfb-15\" value=\"\" class=\"vfb-text  vfb-medium  required  \" \/><\/li>\n<li class=\"vfb-item vfb-item-select    \" id=\"item-vfb-16\"><label for=\"vfb-16\" class=\"vfb-desc\">Oda Tipi  <span class=\"vfb-required-asterisk\">*<\/span><\/label><select name=\"vfb-16\" id=\"vfb-16\" class=\"vfb-select  vfb-medium  required \"><option value=\"1 Ki\u015filik Oda\" selected='selected'>1 Ki\u015filik Oda<\/option><option value=\"2 Ki\u015filik Oda\">2 Ki\u015filik Oda<\/option><option value=\"3 Ki\u015filik Oda\">3 Ki\u015filik Oda<\/option><option value=\"4 Ki\u015filik Oda\">4 Ki\u015filik Oda<\/option><\/select><\/li>\n<li class=\"vfb-item vfb-item-date    \" id=\"item-vfb-17\"><label for=\"vfb-17\" class=\"vfb-desc\">Giri\u015f Tarihi  <span class=\"vfb-required-asterisk\">*<\/span><\/label><input type=\"text\" name=\"vfb-17\" id=\"vfb-17\" value=\"\" class=\"vfb-text vfb-date-picker  vfb-medium  required \" data-dp-dateFormat=\"dd\/mm\/yy\" \/><\/li>\n<li class=\"vfb-item vfb-item-date    \" id=\"item-vfb-18\"><label for=\"vfb-18\" class=\"vfb-desc\">\u00c7\u0131k\u0131\u015f Tarihi  <span class=\"vfb-required-asterisk\">*<\/span><\/label><input type=\"text\" name=\"vfb-18\" id=\"vfb-18\" value=\"\" class=\"vfb-text vfb-date-picker  vfb-medium  required \" data-dp-dateFormat=\"dd\/mm\/yy\" \/><\/li>\n<li class=\"vfb-item vfb-item-textarea    \" id=\"item-vfb-19\"><label for=\"vfb-19\" class=\"vfb-desc\">Mesaj\u0131n\u0131z  <span class=\"vfb-required-asterisk\">*<\/span><\/label><div><textarea name=\"vfb-19\" id=\"vfb-19\" class=\"vfb-textarea  vfb-medium  required  \"><\/textarea><\/div><\/li>\n<li class=\"vfb-item vfb-item-submit\" id=\"item-vfb-12\">\n\t\t\t\t\t<input type=\"submit\" name=\"vfb-submit\" id=\"vfb-12\" value=\"G\u00d6NDER\" class=\"vfb-submit \" \/>\n\t\t\t\t\t<\/li><\/ul>&nbsp;<\/fieldset><input type=\"hidden\" name=\"_wp_http_referer\" value=\"\/en\/wp-json\/wp\/v2\/pages\/176\" \/><\/form><\/div> <!-- .visual-form-builder-container -->[\/vc_column_text][\/vc_column][\/vc_row]<\/p>\n","protected":false},"excerpt":{"rendered":"<p>[vc_row][vc_column width=&#8221;1\/2&#8243;][vc_column_text] Durak A Pension Price List All room prices with breakfast. Please call to reservation\u00a0\u00a00252 316 1564\u00a0or\u00a00 532 615 6872 [\/vc_column_text][\/vc_column][vc_column width=&#8221;1\/2&#8243;][vc_column_text][\/vc_column_text][\/vc_column][\/vc_row]<\/p>\n","protected":false},"author":1,"featured_media":0,"parent":0,"menu_order":0,"comment_status":"closed","ping_status":"closed","template":"","meta":{"footnotes":""},"aioseo_notices":[],"_links":{"self":[{"href":"https:\/\/durakapansiyon.com\/en\/wp-json\/wp\/v2\/pages\/176"}],"collection":[{"href":"https:\/\/durakapansiyon.com\/en\/wp-json\/wp\/v2\/pages"}],"about":[{"href":"https:\/\/durakapansiyon.com\/en\/wp-json\/wp\/v2\/types\/page"}],"author":[{"embeddable":true,"href":"https:\/\/durakapansiyon.com\/en\/wp-json\/wp\/v2\/users\/1"}],"replies":[{"embeddable":true,"href":"https:\/\/durakapansiyon.com\/en\/wp-json\/wp\/v2\/comments?post=176"}],"version-history":[{"count":3,"href":"https:\/\/durakapansiyon.com\/en\/wp-json\/wp\/v2\/pages\/176\/revisions"}],"predecessor-version":[{"id":619,"href":"https:\/\/durakapansiyon.com\/en\/wp-json\/wp\/v2\/pages\/176\/revisions\/619"}],"wp:attachment":[{"href":"https:\/\/durakapansiyon.com\/en\/wp-json\/wp\/v2\/media?parent=176"}],"curies":[{"name":"wp","href":"https:\/\/api.w.org\/{rel}","templated":true}]}}